{"id":3114,"date":"2022-06-27T16:37:26","date_gmt":"2022-06-27T14:37:26","guid":{"rendered":"https:\/\/www.hp-textiles.com\/?page_id=3114"},"modified":"2023-11-22T16:21:49","modified_gmt":"2023-11-22T15:21:49","slug":"impressums","status":"publish","type":"page","link":"https:\/\/www.hp-textiles.com\/eng\/impressums\/","title":{"rendered":"Imprint"},"content":{"rendered":"<div style=\"height:150px\" aria-hidden=\"true\" class=\"wp-block-spacer\" data-block-type=\"core\"><\/div>\n\n\n\n<h1 class=\"has-large-font-size wp-block-heading\" data-block-type=\"core\">IMPRINT<\/h1>\n\n\n\n<div style=\"height:50px\" aria-hidden=\"true\" class=\"wp-block-spacer\" data-block-type=\"core\"><\/div>\n\n\n\n<p data-block-type=\"core\">HP-Textiles GmbH<br>Otto-Hahn-Str. 22<br>GER-48480 Schapen<br><br>Phone:\u00a0+49 5905 94598-70<br>Fax: +49 5905 94598-74<br>E-mail: info@hp-textiles.com<a href=\"mailto:info@hp-textiles.com\">info@hp-textiles.com<\/a><br><br>Form of company: GmbH<br>Commercial register: Osnabr\u00fcck<br>Registration number: HRB 205881\nVAT no.: DE815326705<br><br>Managing director: Christina Schniedergers, Berthold Hoffrogge<br>Responsible for content according to \u00a7 55 paragraph 2 RStV: Heiner Schniedergers<\/p>\n\n\n\n<div style=\"height:20px\" aria-hidden=\"true\" class=\"wp-block-spacer\" data-block-type=\"core\"><\/div>\n\n\n\n<p data-block-type=\"core\"><strong>Picture Material<\/strong><\/p>\n\n\n\n<p data-block-type=\"core\"><strong>Heading \"\"Fields of application\":<\/strong><\/p>\n\n\n\n<p data-block-type=\"core\">AdobeStock_217702611   \u00a9 phaisarnwong2517<br>AdobeStock_271675969   \u00a9 auris<br>AdobeStock_101476841   \u00a9 Massimo Cavallo<br>AdobeStock_63732839     \u00a9 DEMIX<br>AdobeStock_145083549   \u00a9 \u0410rtranq<br>AdobeStock_328834935   \u00a9 happycreator<br>AdobeStock_46078898     \u00a9 Kletr<\/p>\n\n\n\n<p data-block-type=\"core\"><strong>All other images on the website:<\/strong><\/p>\n\n\n\n<p data-block-type=\"core\">\u00a9 HP-Textiles<\/p>\n\n\n\n<div style=\"height:50px\" aria-hidden=\"true\" class=\"wp-block-spacer\" data-block-type=\"core\"><\/div>\n\n\n\n<h2 class=\"wp-block-heading\" data-block-type=\"core\">Liability Disclaimer<\/h2>\n\n\n\n<div style=\"height:20px\" aria-hidden=\"true\" class=\"wp-block-spacer\" data-block-type=\"core\"><\/div>\n\n\n\n<p data-block-type=\"core\"><strong>Liability for Contents<\/strong><br>As service providers, we are liable for own contents of these websites according to Sec. 7, paragraph 1 German Telemedia Act (TMG). However, according to Sec. 8 to 10 German Telemedia Act (TMG), service providers are not obligated to permanently monitor submitted or stored information or to search for evidences that indicate illegal activities.<\/p>\n\n\n\n<p data-block-type=\"core\">Legal obligations to removing information or to blocking the use of information remain unchallenged. In this case, liability is only possible at the time of knowledge about a specific violation of law. Illegal contents will be removed immediately at the time we get knowledge of them.<\/p>\n\n\n\n<p data-block-type=\"core\"><strong>Liability for Links<\/strong><br>Our offer includes links to external third party websites. We have no influence on the contents of those websites, therefore we cannot guarantee for those contents. Providers or administrators of linked websites are always responsible for their own contents.<\/p>\n\n\n\n<p data-block-type=\"core\">The linked websites had been checked for possible violations of law at the time of the establishment of the link. Illegal contents were not detected at the time of the linking. A permanent monitoring of the contents of linked websites can not be imposed without reasonable indications that there has been a violation of law. Illegal links will be removed immediately at the time we get knowledge of them.<\/p>\n\n\n\n<p data-block-type=\"core\"><strong>Copyright<\/strong><br>Contents and compilations published on these websites by the providers are subject to German copyright laws. Reproduction, editing, distribution as well as the use of any kind outside the scope of the copyright law require a written permission of the author or originator. Downloads and copies of these websites are permitted for private use only. The commercial use of our contents without permission of the originator is prohibited.\n\nCopyright laws of third parties are respected as long as the contents on these websites do not originate from the provider. Contributions of third parties on this site are indicated as such. However, if you notice any violations of copyright law, please inform us. Such contents will be removed immediately.<\/p>\n\n\n\n<p data-block-type=\"core\"><strong>Dispute resolution<\/strong><br>The European Commission provides a platform for online dispute resolution (OS): https:\/\/ec.europa.eu\/consumers\/odr. Please find our email in the impressum\/legal notice.\n\nWe do not take part in online dispute resolutions at consumer arbitration boards.<br><\/p>\n\n\n\n<div style=\"height:100px\" aria-hidden=\"true\" class=\"wp-block-spacer\" data-block-type=\"core\"><\/div>","protected":false},"excerpt":{"rendered":"<p>IMPRESSUM HP-Textiles GmbHOtto-Hahn-Str. 22D-48480 Schapen Telefon:&nbsp;&nbsp;&nbsp;&nbsp;&nbsp; +49 5905 94598-70Telefax:&nbsp;&nbsp;&nbsp;&nbsp;&nbsp; +49 5905 94598-74E-Mail:&nbsp;&nbsp;&nbsp;&nbsp;&nbsp; &nbsp;&nbsp;info@hp-textiles.cominfo@hp-textiles.com Gesellschaftsform: GmbHAmtsgericht Osnabr\u00fcck, HRB 205881USt.-IdNr. DE815326705 Gesch\u00e4ftsf\u00fchrer\/-in: Christina Schniedergers, Berthold HoffroggeInhaltlich Verantwortlicher gem\u00e4\u00df \u00a7 55 II RStV:&nbsp;Heiner Schniedergers Bildmaterial Rubrik Anwendungsgebiete: AdobeStock_217702611 \u00a9 phaisarnwong2517AdobeStock_271675969 \u00a9 aurisAdobeStock_101476841 \u00a9 Massimo CavalloAdobeStock_63732839 \u00a9 DEMIXAdobeStock_145083549 \u00a9 \u0410rtranqAdobeStock_328834935 \u00a9 happycreatorAdobeStock_46078898 \u00a9 Kletr Alle anderen Bilder auf der &hellip;<\/p>\n<p class=\"read-more\"> <a class=\"\" href=\"https:\/\/www.hp-textiles.com\/eng\/impressums\/\"> <span class=\"screen-reader-text\">Imprint<\/span> Read More &raquo;<\/a><\/p>","protected":false},"author":1,"featured_media":0,"parent":0,"menu_order":0,"comment_status":"closed","ping_status":"closed","template":"template-gutentor-full-width.php","meta":{"_uag_custom_page_level_css":"","site-sidebar-layout":"default","site-content-layout":"default","ast-global-header-display":"","ast-main-header-display":"","ast-hfb-above-header-display":"","ast-hfb-below-header-display":"","ast-hfb-mobile-header-display":"","site-post-title":"disabled","ast-breadcrumbs-content":"","ast-featured-img":"","footer-sml-layout":"","theme-transparent-header-meta":"","adv-header-id-meta":"","stick-header-meta":"","header-above-stick-meta":"","header-main-stick-meta":"","header-below-stick-meta":"","footnotes":""},"class_list":["post-3114","page","type-page","status-publish","hentry"],"yoast_head":"<!-- This site is optimized with the Yoast SEO plugin v27.2 - https:\/\/yoast.com\/product\/yoast-seo-wordpress\/ -->\n<title>Impressum - HP-Textiles GmbH<\/title>\n<meta name=\"robots\" content=\"index, follow, max-snippet:-1, max-image-preview:large, max-video-preview:-1\" \/>\n<link rel=\"canonical\" href=\"https:\/\/www.hp-textiles.com\/eng\/impressums\/\" \/>\n<meta property=\"og:locale\" content=\"en_US\" \/>\n<meta property=\"og:type\" content=\"article\" \/>\n<meta property=\"og:title\" content=\"Impressum - HP-Textiles GmbH\" \/>\n<meta property=\"og:description\" content=\"IMPRESSUM HP-Textiles GmbHOtto-Hahn-Str. 22D-48480 Schapen Telefon:&nbsp;&nbsp;&nbsp;&nbsp;&nbsp; +49 5905 94598-70Telefax:&nbsp;&nbsp;&nbsp;&nbsp;&nbsp; +49 5905 94598-74E-Mail:&nbsp;&nbsp;&nbsp;&nbsp;&nbsp; &nbsp;&nbsp;info@hp-textiles.cominfo@hp-textiles.com Gesellschaftsform: GmbHAmtsgericht Osnabr\u00fcck, HRB 205881USt.-IdNr. DE815326705 Gesch\u00e4ftsf\u00fchrer\/-in: Christina Schniedergers, Berthold HoffroggeInhaltlich Verantwortlicher gem\u00e4\u00df \u00a7 55 II RStV:&nbsp;Heiner Schniedergers Bildmaterial Rubrik Anwendungsgebiete: AdobeStock_217702611 \u00a9 phaisarnwong2517AdobeStock_271675969 \u00a9 aurisAdobeStock_101476841 \u00a9 Massimo CavalloAdobeStock_63732839 \u00a9 DEMIXAdobeStock_145083549 \u00a9 \u0410rtranqAdobeStock_328834935 \u00a9 happycreatorAdobeStock_46078898 \u00a9 Kletr Alle anderen Bilder auf der &hellip; Impressum Read More &raquo;\" \/>\n<meta property=\"og:url\" content=\"https:\/\/www.hp-textiles.com\/eng\/impressums\/\" \/>\n<meta property=\"og:site_name\" content=\"HP-Textiles GmbH\" \/>\n<meta property=\"article:publisher\" content=\"https:\/\/www.facebook.com\/HPTextiles\/\" \/>\n<meta property=\"article:modified_time\" content=\"2023-11-22T15:21:49+00:00\" \/>\n<meta name=\"twitter:card\" content=\"summary_large_image\" \/>\n<meta name=\"twitter:label1\" content=\"Est. reading time\" \/>\n\t<meta name=\"twitter:data1\" content=\"2 minutes\" \/>\n<script type=\"application\/ld+json\" class=\"yoast-schema-graph\">{\"@context\":\"https:\/\/schema.org\",\"@graph\":[{\"@type\":\"WebPage\",\"@id\":\"https:\/\/www.hp-textiles.com\/impressums\/\",\"url\":\"https:\/\/www.hp-textiles.com\/impressums\/\",\"name\":\"Impressum - HP-Textiles GmbH\",\"isPartOf\":{\"@id\":\"https:\/\/www.hp-textiles.com\/#website\"},\"datePublished\":\"2022-06-27T14:37:26+00:00\",\"dateModified\":\"2023-11-22T15:21:49+00:00\",\"breadcrumb\":{\"@id\":\"https:\/\/www.hp-textiles.com\/impressums\/#breadcrumb\"},\"inLanguage\":\"en-US\",\"potentialAction\":[{\"@type\":\"ReadAction\",\"target\":[\"https:\/\/www.hp-textiles.com\/impressums\/\"]}]},{\"@type\":\"BreadcrumbList\",\"@id\":\"https:\/\/www.hp-textiles.com\/impressums\/#breadcrumb\",\"itemListElement\":[{\"@type\":\"ListItem\",\"position\":1,\"name\":\"Startseite\",\"item\":\"https:\/\/www.hp-textiles.com\/\"},{\"@type\":\"ListItem\",\"position\":2,\"name\":\"Impressum\"}]},{\"@type\":\"WebSite\",\"@id\":\"https:\/\/www.hp-textiles.com\/#website\",\"url\":\"https:\/\/www.hp-textiles.com\/\",\"name\":\"HP-Textiles GmbH\",\"description\":\"Entwicklung und Vertrieb von Faserverbundwerkstoffen\",\"publisher\":{\"@id\":\"https:\/\/www.hp-textiles.com\/#organization\"},\"potentialAction\":[{\"@type\":\"SearchAction\",\"target\":{\"@type\":\"EntryPoint\",\"urlTemplate\":\"https:\/\/www.hp-textiles.com\/?s={search_term_string}\"},\"query-input\":{\"@type\":\"PropertyValueSpecification\",\"valueRequired\":true,\"valueName\":\"search_term_string\"}}],\"inLanguage\":\"en-US\"},{\"@type\":\"Organization\",\"@id\":\"https:\/\/www.hp-textiles.com\/#organization\",\"name\":\"HP-Textiles GmbH\",\"url\":\"https:\/\/www.hp-textiles.com\/\",\"logo\":{\"@type\":\"ImageObject\",\"inLanguage\":\"en-US\",\"@id\":\"https:\/\/www.hp-textiles.com\/#\/schema\/logo\/image\/\",\"url\":\"https:\/\/www.hp-textiles.com\/wp-content\/uploads\/2022\/02\/Logo_SCHEIN_HP-Textiles.webp\",\"contentUrl\":\"https:\/\/www.hp-textiles.com\/wp-content\/uploads\/2022\/02\/Logo_SCHEIN_HP-Textiles.webp\",\"width\":1000,\"height\":289,\"caption\":\"HP-Textiles GmbH\"},\"image\":{\"@id\":\"https:\/\/www.hp-textiles.com\/#\/schema\/logo\/image\/\"},\"sameAs\":[\"https:\/\/www.facebook.com\/HPTextiles\/\",\"https:\/\/www.instagram.com\/hp_textiles\/?hl=de\",\"https:\/\/www.youtube.com\/user\/HPTextiles\/videos\"]}]}<\/script>\n<!-- \/ Yoast SEO plugin. -->","yoast_head_json":{"title":"Impressum - HP-Textiles GmbH","robots":{"index":"index","follow":"follow","max-snippet":"max-snippet:-1","max-image-preview":"max-image-preview:large","max-video-preview":"max-video-preview:-1"},"canonical":"https:\/\/www.hp-textiles.com\/eng\/impressums\/","og_locale":"en_US","og_type":"article","og_title":"Impressum - HP-Textiles GmbH","og_description":"IMPRESSUM HP-Textiles GmbHOtto-Hahn-Str. 22D-48480 Schapen Telefon:&nbsp;&nbsp;&nbsp;&nbsp;&nbsp; +49 5905 94598-70Telefax:&nbsp;&nbsp;&nbsp;&nbsp;&nbsp; +49 5905 94598-74E-Mail:&nbsp;&nbsp;&nbsp;&nbsp;&nbsp; &nbsp;&nbsp;info@hp-textiles.cominfo@hp-textiles.com Gesellschaftsform: GmbHAmtsgericht Osnabr\u00fcck, HRB 205881USt.-IdNr. DE815326705 Gesch\u00e4ftsf\u00fchrer\/-in: Christina Schniedergers, Berthold HoffroggeInhaltlich Verantwortlicher gem\u00e4\u00df \u00a7 55 II RStV:&nbsp;Heiner Schniedergers Bildmaterial Rubrik Anwendungsgebiete: AdobeStock_217702611 \u00a9 phaisarnwong2517AdobeStock_271675969 \u00a9 aurisAdobeStock_101476841 \u00a9 Massimo CavalloAdobeStock_63732839 \u00a9 DEMIXAdobeStock_145083549 \u00a9 \u0410rtranqAdobeStock_328834935 \u00a9 happycreatorAdobeStock_46078898 \u00a9 Kletr Alle anderen Bilder auf der &hellip; Impressum Read More &raquo;","og_url":"https:\/\/www.hp-textiles.com\/eng\/impressums\/","og_site_name":"HP-Textiles GmbH","article_publisher":"https:\/\/www.facebook.com\/HPTextiles\/","article_modified_time":"2023-11-22T15:21:49+00:00","twitter_card":"summary_large_image","twitter_misc":{"Est. reading time":"2 minutes"},"schema":{"@context":"https:\/\/schema.org","@graph":[{"@type":"WebPage","@id":"https:\/\/www.hp-textiles.com\/impressums\/","url":"https:\/\/www.hp-textiles.com\/impressums\/","name":"Impressum - HP-Textiles GmbH","isPartOf":{"@id":"https:\/\/www.hp-textiles.com\/#website"},"datePublished":"2022-06-27T14:37:26+00:00","dateModified":"2023-11-22T15:21:49+00:00","breadcrumb":{"@id":"https:\/\/www.hp-textiles.com\/impressums\/#breadcrumb"},"inLanguage":"en-US","potentialAction":[{"@type":"ReadAction","target":["https:\/\/www.hp-textiles.com\/impressums\/"]}]},{"@type":"BreadcrumbList","@id":"https:\/\/www.hp-textiles.com\/impressums\/#breadcrumb","itemListElement":[{"@type":"ListItem","position":1,"name":"Startseite","item":"https:\/\/www.hp-textiles.com\/"},{"@type":"ListItem","position":2,"name":"Impressum"}]},{"@type":"WebSite","@id":"https:\/\/www.hp-textiles.com\/#website","url":"https:\/\/www.hp-textiles.com\/","name":"HP-Textiles GmbH","description":"Entwicklung und Vertrieb von Faserverbundwerkstoffen","publisher":{"@id":"https:\/\/www.hp-textiles.com\/#organization"},"potentialAction":[{"@type":"SearchAction","target":{"@type":"EntryPoint","urlTemplate":"https:\/\/www.hp-textiles.com\/?s={search_term_string}"},"query-input":{"@type":"PropertyValueSpecification","valueRequired":true,"valueName":"search_term_string"}}],"inLanguage":"en-US"},{"@type":"Organization","@id":"https:\/\/www.hp-textiles.com\/#organization","name":"HP-Textiles GmbH","url":"https:\/\/www.hp-textiles.com\/","logo":{"@type":"ImageObject","inLanguage":"en-US","@id":"https:\/\/www.hp-textiles.com\/#\/schema\/logo\/image\/","url":"https:\/\/www.hp-textiles.com\/wp-content\/uploads\/2022\/02\/Logo_SCHEIN_HP-Textiles.webp","contentUrl":"https:\/\/www.hp-textiles.com\/wp-content\/uploads\/2022\/02\/Logo_SCHEIN_HP-Textiles.webp","width":1000,"height":289,"caption":"HP-Textiles GmbH"},"image":{"@id":"https:\/\/www.hp-textiles.com\/#\/schema\/logo\/image\/"},"sameAs":["https:\/\/www.facebook.com\/HPTextiles\/","https:\/\/www.instagram.com\/hp_textiles\/?hl=de","https:\/\/www.youtube.com\/user\/HPTextiles\/videos"]}]}},"uagb_featured_image_src":{"full":false,"thumbnail":false,"medium":false,"medium_large":false,"large":false,"1536x1536":false,"2048x2048":false,"trp-custom-language-flag":false,"mailpoet_newsletter_max":false},"uagb_author_info":{"display_name":"admin-wp","author_link":"https:\/\/www.hp-textiles.com\/eng\/author\/admin-wp\/"},"uagb_comment_info":0,"uagb_excerpt":"IMPRESSUM HP-Textiles GmbHOtto-Hahn-Str. 22D-48480 Schapen Telefon:&nbsp;&nbsp;&nbsp;&nbsp;&nbsp; +49 5905 94598-70Telefax:&nbsp;&nbsp;&nbsp;&nbsp;&nbsp; +49 5905 94598-74E-Mail:&nbsp;&nbsp;&nbsp;&nbsp;&nbsp; &nbsp;&nbsp;info@hp-textiles.cominfo@hp-textiles.com Gesellschaftsform: GmbHAmtsgericht Osnabr\u00fcck, HRB 205881USt.-IdNr. DE815326705 Gesch\u00e4ftsf\u00fchrer\/-in: Christina Schniedergers, Berthold HoffroggeInhaltlich Verantwortlicher gem\u00e4\u00df \u00a7 55 II RStV:&nbsp;Heiner Schniedergers Bildmaterial Rubrik Anwendungsgebiete: AdobeStock_217702611 \u00a9 phaisarnwong2517AdobeStock_271675969 \u00a9 aurisAdobeStock_101476841 \u00a9 Massimo CavalloAdobeStock_63732839 \u00a9 DEMIXAdobeStock_145083549 \u00a9 \u0410rtranqAdobeStock_328834935 \u00a9 happycreatorAdobeStock_46078898 \u00a9 Kletr Alle anderen Bilder auf der&hellip;","_links":{"self":[{"href":"https:\/\/www.hp-textiles.com\/eng\/wp-json\/wp\/v2\/pages\/3114","targetHints":{"allow":["GET"]}}],"collection":[{"href":"https:\/\/www.hp-textiles.com\/eng\/wp-json\/wp\/v2\/pages"}],"about":[{"href":"https:\/\/www.hp-textiles.com\/eng\/wp-json\/wp\/v2\/types\/page"}],"author":[{"embeddable":true,"href":"https:\/\/www.hp-textiles.com\/eng\/wp-json\/wp\/v2\/users\/1"}],"replies":[{"embeddable":true,"href":"https:\/\/www.hp-textiles.com\/eng\/wp-json\/wp\/v2\/comments?post=3114"}],"version-history":[{"count":17,"href":"https:\/\/www.hp-textiles.com\/eng\/wp-json\/wp\/v2\/pages\/3114\/revisions"}],"predecessor-version":[{"id":3368,"href":"https:\/\/www.hp-textiles.com\/eng\/wp-json\/wp\/v2\/pages\/3114\/revisions\/3368"}],"wp:attachment":[{"href":"https:\/\/www.hp-textiles.com\/eng\/wp-json\/wp\/v2\/media?parent=3114"}],"curies":[{"name":"wp","href":"https:\/\/api.w.org\/{rel}","templated":true}]}}